{"id":16874,"date":"2024-01-04T14:35:59","date_gmt":"2024-01-04T14:35:59","guid":{"rendered":"https:\/\/dev-fcc.teoria.agency\/?page_id=16874"},"modified":"2024-01-19T18:39:24","modified_gmt":"2024-01-19T18:39:24","slug":"terms-and-conditions","status":"publish","type":"page","link":"https:\/\/fc-arquitectura.com\/pt\/terms-and-conditions\/","title":{"rendered":"Termos e Condi\u00e7\u00f5es"},"content":{"rendered":"<div data-elementor-type=\"wp-page\" data-elementor-id=\"16874\" class=\"elementor elementor-16874\" data-elementor-post-type=\"page\">\n\t\t\t\t<div class=\"elementor-element elementor-element-9cd6586 e-con-full e-flex e-con e-parent\" data-id=\"9cd6586\" data-element_type=\"container\">\n\t\t\t\t<div class=\"elementor-element elementor-element-cddb21b elementor-widget elementor-widget-text-editor\" data-id=\"cddb21b\" data-element_type=\"widget\" data-widget_type=\"text-editor.default\">\n\t\t\t\t<div class=\"elementor-widget-container\">\n\t\t\t\t\t\t\t<p><span data-contrast=\"auto\">Sua privacidade \u00e9 uma prioridade m\u00e1xima para <\/span><b><span data-contrast=\"auto\">FCC Arquitetura<\/span><\/b><span data-contrast=\"auto\">. Descrevemos abaixo como utilizamos as informa\u00e7\u00f5es coletadas por meio do nosso site<\/span><span data-ccp-props=\"{&quot;201341983&quot;:0,&quot;335559739&quot;:160,&quot;335559740&quot;:259}\">\u00a0<\/span><\/p><p><span data-contrast=\"auto\">Por favor leia com aten\u00e7\u00e3o:<\/span><span data-ccp-props=\"{&quot;201341983&quot;:0,&quot;335559739&quot;:160,&quot;335559740&quot;:259}\">\u00a0<\/span><\/p><p><span data-contrast=\"auto\">\u00a0<\/span><span data-ccp-props=\"{&quot;201341983&quot;:0,&quot;335559739&quot;:160,&quot;335559740&quot;:259}\">\u00a0<\/span><\/p><p><b><span data-contrast=\"auto\">1) QUE INFORMA\u00c7\u00c3O RECOLHEMOS NA EMPRESA?<\/span><\/b><span data-ccp-props=\"{&quot;201341983&quot;:0,&quot;335559739&quot;:160,&quot;335559740&quot;:259}\">\u00a0<\/span><\/p><p><span data-ccp-props=\"{&quot;201341983&quot;:0,&quot;335559739&quot;:160,&quot;335559740&quot;:259}\">\u00a0<\/span><span style=\"text-decoration: underline;\">Informa\u00e7\u00e3o pessoal<\/span><\/p><p><span data-contrast=\"auto\">A informa\u00e7\u00e3o pessoal recolhida pela FCC Arquitetura, \u00e9 sempre fornecida voluntariamente pelos utilizadores do nosso website, por exemplo quando preenchem um formul\u00e1rio ou subscrevem a nossa newsletter. A informa\u00e7\u00e3o recolhida pode variar consoante as situa\u00e7\u00f5es e incluir, entre outros dados, o nome do utilizador, o seu email, endere\u00e7o e n\u00famero de telefone.<\/span><span data-ccp-props=\"{&quot;201341983&quot;:0,&quot;335559739&quot;:160,&quot;335559740&quot;:259}\">\u00a0<\/span><\/p><p><span data-contrast=\"auto\">\u00a0<\/span><span data-ccp-props=\"{&quot;201341983&quot;:0,&quot;335559739&quot;:160,&quot;335559740&quot;:259}\">\u00a0<\/span><\/p><p><span style=\"text-decoration: underline;\">Outras informa\u00e7\u00f5es<\/span><\/p><p><span data-contrast=\"auto\">A FCC Arquitetura recolhe informa\u00e7\u00f5es an\u00f3nimas quando os utilizadores visitam o website. Estas informa\u00e7\u00f5es podem incluir, a t\u00edtulo de exemplo, o tipo de aparelho, sistema operativo e browsers utilizados para aceder ao site, localiza\u00e7\u00e3o geogr\u00e1fica, dura\u00e7\u00e3o da visita e n\u00famero de p\u00e1gina visitadas. N\u00e3o \u00e9 poss\u00edvel relacionar estes elementos com os utilizadores individuais.<\/span><span data-ccp-props=\"{&quot;201341983&quot;:0,&quot;335559739&quot;:160,&quot;335559740&quot;:259}\">\u00a0<\/span><\/p><p><span data-contrast=\"auto\">\u00a0<\/span><span data-ccp-props=\"{&quot;201341983&quot;:0,&quot;335559739&quot;:160,&quot;335559740&quot;:259}\">\u00a0<\/span><\/p><p><b><span data-contrast=\"auto\">2) O QUE FAZEMOS COM A INFORMA\u00c7\u00c3O RECOLHIDA?<\/span><\/b><span data-ccp-props=\"{&quot;201341983&quot;:0,&quot;335559739&quot;:160,&quot;335559740&quot;:259}\">\u00a0<\/span><\/p><p><span data-contrast=\"auto\">Toda a informa\u00e7\u00e3o recolhida pela <\/span><b><span data-contrast=\"auto\">FCC Arquitetura<\/span><\/b><span data-contrast=\"auto\"> \u00e9 para seu uso exclusivo <\/span><b><span data-contrast=\"auto\">FCC Arquitetura<\/span><\/b><span data-contrast=\"auto\"> compromete-se a n\u00e3o a vender, trocar, alugar ou partilhar a terceiros sem o consentimento do utilizador, excepto se a isso obrigada por decis\u00e3o de tribunal.<\/span><span data-ccp-props=\"{&quot;201341983&quot;:0,&quot;335559739&quot;:160,&quot;335559740&quot;:259}\">\u00a0<\/span><\/p><p><span data-contrast=\"auto\">\u00a0<\/span><span data-ccp-props=\"{&quot;201341983&quot;:0,&quot;335559739&quot;:160,&quot;335559740&quot;:259}\">\u00a0<\/span><\/p><p><span data-contrast=\"auto\">A informa\u00e7\u00e3o recolhida \u00e9 organizada internamente numa base de dados e pode ser utilizada para:<\/span><span data-ccp-props=\"{&quot;201341983&quot;:0,&quot;335559739&quot;:160,&quot;335559740&quot;:259}\">\u00a0<\/span><\/p><p><span data-contrast=\"auto\">\u2013 Melhorar os nossos servi\u00e7os e produtos;<\/span><span data-ccp-props=\"{&quot;201341983&quot;:0,&quot;335559739&quot;:160,&quot;335559740&quot;:259}\">\u00a0<\/span><\/p><p><span data-contrast=\"auto\">\u2013 Aperfei\u00e7oar o servi\u00e7o de apoio ao consumidor;<\/span><span data-ccp-props=\"{&quot;201341983&quot;:0,&quot;335559739&quot;:160,&quot;335559740&quot;:259}\">\u00a0<\/span><\/p><p><span data-contrast=\"auto\">\u2013 Enviar informa\u00e7\u00e3o peri\u00f3dica que pode ser do interesse dos utilizadores;<\/span><span data-ccp-props=\"{&quot;201341983&quot;:0,&quot;335559739&quot;:160,&quot;335559740&quot;:259}\">\u00a0<\/span><\/p><p><span data-contrast=\"auto\">\u2013 Melhorar os conte\u00fados do nosso Website.<\/span><span data-ccp-props=\"{&quot;201341983&quot;:0,&quot;335559739&quot;:160,&quot;335559740&quot;:259}\">\u00a0<\/span><\/p><p><span data-ccp-props=\"{&quot;201341983&quot;:0,&quot;335559739&quot;:160,&quot;335559740&quot;:259}\">\u00a0<\/span><\/p><p><strong>3) COOKIES<\/strong><span data-ccp-props=\"{&quot;201341983&quot;:0,&quot;335559739&quot;:160,&quot;335559740&quot;:259}\">\u00a0<\/span><\/p><p><span data-contrast=\"auto\">Os cookies s\u00e3o pequenos arquivos de texto enviados pelos sites que voc\u00ea visita e armazenados no seu computador. Eles s\u00e3o amplamente utilizados para o funcionamento de sites, para aumentar sua efici\u00eancia e fornecer informa\u00e7\u00f5es aos propriet\u00e1rios do site.<\/span><span data-ccp-props=\"{&quot;201341983&quot;:0,&quot;335559739&quot;:160,&quot;335559740&quot;:259}\">\u00a0<\/span><\/p><p><span data-contrast=\"auto\">A tabela abaixo fornece uma breve explica\u00e7\u00e3o dos cookies que utilizamos e por qu\u00ea.<\/span><\/p>\t\t\t\t\t\t<\/div>\n\t\t\t\t<\/div>\n\t\t\t\t<div class=\"elementor-element elementor-element-6c9d166 elementor-widget elementor-widget-html\" data-id=\"6c9d166\" data-element_type=\"widget\" data-widget_type=\"html.default\">\n\t\t\t\t<div class=\"elementor-widget-container\">\n\t\t\t<style>\r\ntable {\r\n  width: 100%;\r\n  \r\n}\r\n\r\nth, td {\r\n  border: 1px solid #000;\r\n  padding: 8px;\r\n  text-align: left;\r\n  word-break: break-word !important;\r\n}\r\n\r\nth {\r\n  background-color: #f2f2f2;\r\n}\r\n\r\ntd:first-child {\r\n  width: 30%;\r\n}\r\n\r\ntd:nth-child(2) {\r\n  width: 30%;\r\n}\r\n\r\ntd:nth-child(3) {\r\n  width: 40%;\r\n  word-break: break-word !important;\r\n}\r\n\r\n@media screen and (max-width: 768px) {  \r\n  .table, th, td {\r\n    font-size:13px;\r\nword-break: break-word !important;\r\n\r\n\r\n  }\r\n\r\n\r\n<\/style>\r\n<table>\r\n    <thead>\r\n      <tr>\r\n        <th>Nome do Cookie<\/th>\r\n        <th>Prazo de Expira\u00e7\u00e3o<\/th>\r\n        <th>Descri\u00e7\u00e3o<\/th>\r\n      <\/tr>\r\n    <\/thead>\r\n    <tbody>\r\n    \r\n      <tr>\r\n        <td>__utma<\/td>\r\n        <td>2 anos ap\u00f3s ser definido\/atualizado<\/td>\r\n        <td>Utilizado para distinguir utilizadores e sess\u00f5es. Este cookie \u00e9 criado quando a biblioteca de JavaScript \u00e9 executada e n\u00e3o existem cookies __utma existentes. Este cookie \u00e9 atualizado sempre que informa\u00e7\u00f5es s\u00e3o enviadas para o Google Analytics.<\/td>\r\n      <\/tr>\r\n      <tr>\r\n        <td>__utmb<\/td>\r\n        <td>30 minutos ap\u00f3s ser definido\/atualizado<\/td>\r\n        <td>Usado para determinar novas sess\u00f5es\/visitas. Este cookie \u00e9 criado quando a biblioteca JavaScript \u00e9 executada, e n\u00e3o existem cookies __utma existentes. Este cookie \u00e9 atualizado sempre que informa\u00e7\u00f5es s\u00e3o enviadas para o Google Analytics.<\/td>\r\n      <\/tr>\r\n      <tr>\r\n        <td>__utmc<\/td>\r\n        <td>No final da sess\u00e3o do navegador<\/td>\r\n        <td>N\u00e3o \u00e9 utilizado por ga.js. Usado para interoperabilidade com urchin.js. Historicamente, este cookie funciona em conjunto com o cookie __utmb para determinar se \u00e9 uma nova sess\u00e3o ou n\u00e3o.<\/td>\r\n      <\/tr>\r\n      <tr>\r\n        <td>__utmz\t<\/td>\r\n        <td>6 meses ap\u00f3s ser definido\/atualizado<\/td>\r\n        <td>Armazena a origem do tr\u00e1fego ou campanha que informa como o usu\u00e1rio chegou ao site. Este cookie \u00e9 atualizado sempre que informa\u00e7\u00f5es s\u00e3o enviadas para o Google Analytics.<\/td>\r\n      <\/tr>\r\n      <tr>\r\n        <td>__utmv<\/td>\r\n        <td>2 anos ap\u00f3s ser definido\/atualizado<\/td>\r\n        <td>Utilizado para armazenar informa\u00e7\u00f5es sobre o visitante. Este cookie \u00e9 criado quando um programador define o m\u00e9todo _setCustomVar. Este cookie tamb\u00e9m era utilizado pelo m\u00e9todo _setVar, que agora est\u00e1 obsoleto. Este cookie \u00e9 atualizado sempre que informa\u00e7\u00f5es s\u00e3o enviadas para o Google Analytics.<\/td>\r\n      <\/tr>\r\n      <tr>\r\n        <td>PHPSESSID<\/td>\r\n        <td>No final da sess\u00e3o do navegador<\/td>\r\n        <td>Este \u00e9 um identificador simples que permite \u00e0 aplica\u00e7\u00e3o gerenciar sess\u00f5es \u00fanicas no site. Geralmente utilizado para manter a integridade da navega\u00e7\u00e3o.<\/td>\r\n      <\/tr>\r\n    <\/tbody>\r\n  <\/table>\t\t<\/div>\n\t\t\t\t<\/div>\n\t\t\t\t<div class=\"elementor-element elementor-element-e7ba8da elementor-widget elementor-widget-text-editor\" data-id=\"e7ba8da\" data-element_type=\"widget\" data-widget_type=\"text-editor.default\">\n\t\t\t\t<div class=\"elementor-widget-container\">\n\t\t\t\t\t\t\t<p><b><span data-contrast=\"auto\">4) LINKS PARA SITES DE TERCEIROS<\/span><\/b><span data-ccp-props=\"{&quot;201341983&quot;:0,&quot;335559739&quot;:160,&quot;335559740&quot;:259}\">\u00a0<\/span><\/p><p><span data-contrast=\"auto\">Este Website pode conter links para outros sites de interesse. A FCC Arquitetura n\u00e3o possui qualquer forma de controlar a forma como esses sites recolhem e tratam a informa\u00e7\u00e3o dos seus utilizadores.<\/span><span data-ccp-props=\"{&quot;201341983&quot;:0,&quot;335559739&quot;:160,&quot;335559740&quot;:259}\">\u00a0<\/span><\/p><p><span data-ccp-props=\"{&quot;201341983&quot;:0,&quot;335559739&quot;:160,&quot;335559740&quot;:259}\">\u00a0<\/span><\/p><p><b><span data-contrast=\"auto\">5) SEGURAN\u00c7A DA INFORMA\u00c7\u00c3O RECOLHIDA<\/span><\/b><span data-ccp-props=\"{&quot;201341983&quot;:0,&quot;335559739&quot;:160,&quot;335559740&quot;:259}\">\u00a0<\/span><\/p><p><span data-contrast=\"auto\">A FCC Arquitetura adota as a\u00e7\u00f5es apropriadas na recolha, armazenamento e processamento da informa\u00e7\u00e3o e toma todas as precau\u00e7\u00f5es t\u00e9cnicas e organizacionais consideradas necess\u00e1rias para evitar acessos n\u00e3o autorizados \u00e0 informa\u00e7\u00e3o fornecida pelos nossos utilizadores, incluindo o alojamento em servidores e a encripta\u00e7\u00e3o das comunica\u00e7\u00f5es atrav\u00e9s da tecnologia SSL.<\/span><span data-ccp-props=\"{&quot;201341983&quot;:0,&quot;335559739&quot;:160,&quot;335559740&quot;:259}\">\u00a0<\/span><\/p><p><span data-contrast=\"auto\">\u00a0<\/span><span data-ccp-props=\"{&quot;201341983&quot;:0,&quot;335559739&quot;:160,&quot;335559740&quot;:259}\">\u00a0<\/span><\/p><p><b><span data-contrast=\"auto\">6) ALTERA\u00c7\u00d5ES \u00c0 POL\u00cdTICA DE PRIVACIDADE &amp; COOKIES<\/span><\/b><span data-ccp-props=\"{&quot;201341983&quot;:0,&quot;335559739&quot;:160,&quot;335559740&quot;:259}\">\u00a0<\/span><\/p><p><span data-contrast=\"auto\">A FCC Arquitetura reserva-se no direito de proceder a altera\u00e7\u00f5es \u00e0 nossa pol\u00edtica de privacidade e cookies, pelo que poder\u00e1 vir a notificar os utilizadores por email nessa eventualidade e recomenda a visita a esta p\u00e1gina.<\/span><span data-ccp-props=\"{&quot;201341983&quot;:0,&quot;335559739&quot;:160,&quot;335559740&quot;:259}\">\u00a0<\/span><\/p><p><span data-contrast=\"auto\">\u00a0<\/span><span data-ccp-props=\"{&quot;201341983&quot;:0,&quot;335559739&quot;:160,&quot;335559740&quot;:259}\">\u00a0<\/span><\/p><p><b><span data-contrast=\"auto\">7) CONSENTIMENTO, RETIFICA\u00c7\u00c3O E OPOSI\u00c7\u00c3O<\/span><\/b><span data-ccp-props=\"{&quot;201341983&quot;:0,&quot;335559739&quot;:160,&quot;335559740&quot;:259}\">\u00a0<\/span><\/p><p><span data-contrast=\"auto\">O uso deste Website pressup\u00f5e a aceita\u00e7\u00e3o da sua pol\u00edtica de privacidade &amp; cookies. Se tiver d\u00favidas sobre a nossa pol\u00edtica de privacidade, pretender retificar os dados fornecidos ou solicitar a sua elimina\u00e7\u00e3o, mesmo depois de nos ter fornecido, por favor contacte a FCC Arquitetura por carta ou email.<\/span><span data-ccp-props=\"{&quot;201341983&quot;:0,&quot;335559739&quot;:160,&quot;335559740&quot;:259}\">\u00a0<\/span><\/p><p><span data-contrast=\"auto\">\u00a0<\/span><span data-ccp-props=\"{&quot;201341983&quot;:0,&quot;335559739&quot;:160,&quot;335559740&quot;:259}\">\u00a0<\/span><\/p><p><b><span data-contrast=\"auto\">8) ENTIDADE RESPONS\u00c1VEL<\/span><\/b><span data-ccp-props=\"{&quot;201341983&quot;:0,&quot;335559739&quot;:160,&quot;335559740&quot;:259}\">\u00a0<\/span><\/p><p><span data-contrast=\"auto\">Fcc Arquitectura Lda \/ NIPC: 510570020<\/span><span data-ccp-props=\"{&quot;201341983&quot;:0,&quot;335559739&quot;:160,&quot;335559740&quot;:259}\">\u00a0<\/span><\/p><p><span data-contrast=\"auto\">\u00a0<\/span><span data-ccp-props=\"{&quot;201341983&quot;:0,&quot;335559739&quot;:160,&quot;335559740&quot;:259}\">\u00a0<\/span><\/p><p><b><span data-contrast=\"auto\">9) CONTACTOS<\/span><\/b><span data-ccp-props=\"{&quot;201341983&quot;:0,&quot;335559739&quot;:160,&quot;335559740&quot;:259}\">\u00a0<\/span><\/p><p><span data-contrast=\"auto\">Email: atelierdearquitectura@yahoo.com<\/span><span data-ccp-props=\"{&quot;201341983&quot;:0,&quot;335559739&quot;:160,&quot;335559740&quot;:259}\">\u00a0<\/span><\/p><p><span data-contrast=\"auto\">Contactos:<\/span><span data-ccp-props=\"{&quot;201341983&quot;:0,&quot;335559739&quot;:160,&quot;335559740&quot;:259}\">\u00a0<\/span><\/p><p><span data-contrast=\"auto\">(+351) 255 165 168<\/span><span data-ccp-props=\"{&quot;201341983&quot;:0,&quot;335559739&quot;:160,&quot;335559740&quot;:259}\">\u00a0<\/span><\/p><p><span data-contrast=\"auto\">(+351) 964 708 079<\/span><span data-ccp-props=\"{&quot;201341983&quot;:0,&quot;335559739&quot;:160,&quot;335559740&quot;:259}\">\u00a0<\/span><\/p>\t\t\t\t\t\t<\/div>\n\t\t\t\t<\/div>\n\t\t\t\t<\/div>\n\t\t\t\t<\/div>","protected":false},"excerpt":{"rendered":"<p>Your privacy is a top priority for FCC Arquitetura. We outline below how we use the information collected through our website.\u00a0 Please read carefully:\u00a0 \u00a0\u00a0 1) WHAT INFORMATION DO WE COLLECT AT THE COMPANY?\u00a0 \u00a0Personal Information Personal information collected by FCC Arquitetura is always provided voluntarily by users of our website, for example, when filling [&hellip;]<\/p>","protected":false},"author":1,"featured_media":0,"parent":0,"menu_order":0,"comment_status":"closed","ping_status":"closed","template":"","meta":{"footnotes":""},"class_list":["post-16874","page","type-page","status-publish","hentry"],"yoast_head":"<!-- This site is optimized with the Yoast SEO plugin v24.2 - https:\/\/yoast.com\/wordpress\/plugins\/seo\/ -->\n<title>Terms and Conditions - FCC Arquitectura<\/title>\n<meta name=\"robots\" content=\"index, follow, max-snippet:-1, max-image-preview:large, max-video-preview:-1\" \/>\n<link rel=\"canonical\" href=\"https:\/\/fc-arquitectura.com\/pt\/terms-and-conditions\/\" \/>\n<meta property=\"og:locale\" content=\"pt_PT\" \/>\n<meta property=\"og:type\" content=\"article\" \/>\n<meta property=\"og:title\" content=\"Terms and Conditions - FCC Arquitectura\" \/>\n<meta property=\"og:description\" content=\"Your privacy is a top priority for FCC Arquitetura. We outline below how we use the information collected through our website.\u00a0 Please read carefully:\u00a0 \u00a0\u00a0 1) WHAT INFORMATION DO WE COLLECT AT THE COMPANY?\u00a0 \u00a0Personal Information Personal information collected by FCC Arquitetura is always provided voluntarily by users of our website, for example, when filling [&hellip;]\" \/>\n<meta property=\"og:url\" content=\"https:\/\/fc-arquitectura.com\/pt\/terms-and-conditions\/\" \/>\n<meta property=\"og:site_name\" content=\"FCC Arquitectura\" \/>\n<meta property=\"article:modified_time\" content=\"2024-01-19T18:39:24+00:00\" \/>\n<meta name=\"twitter:card\" content=\"summary_large_image\" \/>\n<meta name=\"twitter:label1\" content=\"Tempo estimado de leitura\" \/>\n\t<meta name=\"twitter:data1\" content=\"3 minutos\" \/>\n<script type=\"application\/ld+json\" class=\"yoast-schema-graph\">{\"@context\":\"https:\/\/schema.org\",\"@graph\":[{\"@type\":\"WebPage\",\"@id\":\"https:\/\/fc-arquitectura.com\/terms-and-conditions\/\",\"url\":\"https:\/\/fc-arquitectura.com\/terms-and-conditions\/\",\"name\":\"Terms and Conditions - FCC Arquitectura\",\"isPartOf\":{\"@id\":\"https:\/\/fc-arquitectura.com\/#website\"},\"datePublished\":\"2024-01-04T14:35:59+00:00\",\"dateModified\":\"2024-01-19T18:39:24+00:00\",\"breadcrumb\":{\"@id\":\"https:\/\/fc-arquitectura.com\/terms-and-conditions\/#breadcrumb\"},\"inLanguage\":\"pt-PT\",\"potentialAction\":[{\"@type\":\"ReadAction\",\"target\":[\"https:\/\/fc-arquitectura.com\/terms-and-conditions\/\"]}]},{\"@type\":\"BreadcrumbList\",\"@id\":\"https:\/\/fc-arquitectura.com\/terms-and-conditions\/#breadcrumb\",\"itemListElement\":[{\"@type\":\"ListItem\",\"position\":1,\"name\":\"In\u00edcio\",\"item\":\"https:\/\/fc-arquitectura.com\/\"},{\"@type\":\"ListItem\",\"position\":2,\"name\":\"Terms and Conditions\"}]},{\"@type\":\"WebSite\",\"@id\":\"https:\/\/fc-arquitectura.com\/#website\",\"url\":\"https:\/\/fc-arquitectura.com\/\",\"name\":\"FCC Arquitectura\",\"description\":\"Arquitetura\",\"publisher\":{\"@id\":\"https:\/\/fc-arquitectura.com\/#organization\"},\"alternateName\":\"FCC Arquitectura\",\"potentialAction\":[{\"@type\":\"SearchAction\",\"target\":{\"@type\":\"EntryPoint\",\"urlTemplate\":\"https:\/\/fc-arquitectura.com\/?s={search_term_string}\"},\"query-input\":{\"@type\":\"PropertyValueSpecification\",\"valueRequired\":true,\"valueName\":\"search_term_string\"}}],\"inLanguage\":\"pt-PT\"},{\"@type\":\"Organization\",\"@id\":\"https:\/\/fc-arquitectura.com\/#organization\",\"name\":\"FCC Arquitectura\",\"alternateName\":\"FCC Arquitectura\",\"url\":\"https:\/\/fc-arquitectura.com\/\",\"logo\":{\"@type\":\"ImageObject\",\"inLanguage\":\"pt-PT\",\"@id\":\"https:\/\/fc-arquitectura.com\/#\/schema\/logo\/image\/\",\"url\":\"https:\/\/fc-arquitectura.com\/wp-content\/uploads\/2023\/12\/fcc_fav.png\",\"contentUrl\":\"https:\/\/fc-arquitectura.com\/wp-content\/uploads\/2023\/12\/fcc_fav.png\",\"width\":512,\"height\":512,\"caption\":\"FCC Arquitectura\"},\"image\":{\"@id\":\"https:\/\/fc-arquitectura.com\/#\/schema\/logo\/image\/\"}}]}<\/script>\n<!-- \/ Yoast SEO plugin. -->","yoast_head_json":{"title":"Terms and Conditions - FCC Arquitectura","robots":{"index":"index","follow":"follow","max-snippet":"max-snippet:-1","max-image-preview":"max-image-preview:large","max-video-preview":"max-video-preview:-1"},"canonical":"https:\/\/fc-arquitectura.com\/pt\/terms-and-conditions\/","og_locale":"pt_PT","og_type":"article","og_title":"Terms and Conditions - FCC Arquitectura","og_description":"Your privacy is a top priority for FCC Arquitetura. We outline below how we use the information collected through our website.\u00a0 Please read carefully:\u00a0 \u00a0\u00a0 1) WHAT INFORMATION DO WE COLLECT AT THE COMPANY?\u00a0 \u00a0Personal Information Personal information collected by FCC Arquitetura is always provided voluntarily by users of our website, for example, when filling [&hellip;]","og_url":"https:\/\/fc-arquitectura.com\/pt\/terms-and-conditions\/","og_site_name":"FCC Arquitectura","article_modified_time":"2024-01-19T18:39:24+00:00","twitter_card":"summary_large_image","twitter_misc":{"Tempo estimado de leitura":"3 minutos"},"schema":{"@context":"https:\/\/schema.org","@graph":[{"@type":"WebPage","@id":"https:\/\/fc-arquitectura.com\/terms-and-conditions\/","url":"https:\/\/fc-arquitectura.com\/terms-and-conditions\/","name":"Terms and Conditions - FCC Arquitectura","isPartOf":{"@id":"https:\/\/fc-arquitectura.com\/#website"},"datePublished":"2024-01-04T14:35:59+00:00","dateModified":"2024-01-19T18:39:24+00:00","breadcrumb":{"@id":"https:\/\/fc-arquitectura.com\/terms-and-conditions\/#breadcrumb"},"inLanguage":"pt-PT","potentialAction":[{"@type":"ReadAction","target":["https:\/\/fc-arquitectura.com\/terms-and-conditions\/"]}]},{"@type":"BreadcrumbList","@id":"https:\/\/fc-arquitectura.com\/terms-and-conditions\/#breadcrumb","itemListElement":[{"@type":"ListItem","position":1,"name":"In\u00edcio","item":"https:\/\/fc-arquitectura.com\/"},{"@type":"ListItem","position":2,"name":"Terms and Conditions"}]},{"@type":"WebSite","@id":"https:\/\/fc-arquitectura.com\/#website","url":"https:\/\/fc-arquitectura.com\/","name":"FCC Arquitectura","description":"Arquitetura","publisher":{"@id":"https:\/\/fc-arquitectura.com\/#organization"},"alternateName":"FCC Arquitectura","potentialAction":[{"@type":"SearchAction","target":{"@type":"EntryPoint","urlTemplate":"https:\/\/fc-arquitectura.com\/?s={search_term_string}"},"query-input":{"@type":"PropertyValueSpecification","valueRequired":true,"valueName":"search_term_string"}}],"inLanguage":"pt-PT"},{"@type":"Organization","@id":"https:\/\/fc-arquitectura.com\/#organization","name":"FCC Arquitectura","alternateName":"FCC Arquitectura","url":"https:\/\/fc-arquitectura.com\/","logo":{"@type":"ImageObject","inLanguage":"pt-PT","@id":"https:\/\/fc-arquitectura.com\/#\/schema\/logo\/image\/","url":"https:\/\/fc-arquitectura.com\/wp-content\/uploads\/2023\/12\/fcc_fav.png","contentUrl":"https:\/\/fc-arquitectura.com\/wp-content\/uploads\/2023\/12\/fcc_fav.png","width":512,"height":512,"caption":"FCC Arquitectura"},"image":{"@id":"https:\/\/fc-arquitectura.com\/#\/schema\/logo\/image\/"}}]}},"_links":{"self":[{"href":"https:\/\/fc-arquitectura.com\/pt\/wp-json\/wp\/v2\/pages\/16874","targetHints":{"allow":["GET"]}}],"collection":[{"href":"https:\/\/fc-arquitectura.com\/pt\/wp-json\/wp\/v2\/pages"}],"about":[{"href":"https:\/\/fc-arquitectura.com\/pt\/wp-json\/wp\/v2\/types\/page"}],"author":[{"embeddable":true,"href":"https:\/\/fc-arquitectura.com\/pt\/wp-json\/wp\/v2\/users\/1"}],"replies":[{"embeddable":true,"href":"https:\/\/fc-arquitectura.com\/pt\/wp-json\/wp\/v2\/comments?post=16874"}],"version-history":[{"count":0,"href":"https:\/\/fc-arquitectura.com\/pt\/wp-json\/wp\/v2\/pages\/16874\/revisions"}],"wp:attachment":[{"href":"https:\/\/fc-arquitectura.com\/pt\/wp-json\/wp\/v2\/media?parent=16874"}],"curies":[{"name":"wp","href":"https:\/\/api.w.org\/{rel}","templated":true}]}}