{"id":16860,"date":"2024-01-04T12:34:56","date_gmt":"2024-01-04T12:34:56","guid":{"rendered":"https:\/\/dev-fcc.teoria.agency\/?page_id=16860"},"modified":"2024-01-19T14:29:16","modified_gmt":"2024-01-19T14:29:16","slug":"alternative-dispute-resolution","status":"publish","type":"page","link":"https:\/\/fc-arquitectura.com\/pt\/alternative-dispute-resolution\/","title":{"rendered":"Resolu\u00e7\u00e3o Alternativa de Lit\u00edgios"},"content":{"rendered":"<div data-elementor-type=\"wp-page\" data-elementor-id=\"16860\" class=\"elementor elementor-16860\" data-elementor-post-type=\"page\">\n\t\t\t\t<div class=\"elementor-element elementor-element-9cd6586 e-con-full e-flex e-con e-parent\" data-id=\"9cd6586\" data-element_type=\"container\">\n\t\t\t\t<div class=\"elementor-element elementor-element-cddb21b elementor-widget elementor-widget-text-editor\" data-id=\"cddb21b\" data-element_type=\"widget\" data-widget_type=\"text-editor.default\">\n\t\t\t\t<div class=\"elementor-widget-container\">\n\t\t\t\t\t\t\t<p class=\"p1\">AVISO AO CONSUMIDOR\u00a0<\/p><p class=\"p1\">De acordo com a Lei n.144\/2015, de 8 de Setembro de 2015, divulg\u00e1mos todas as Entidades para Resolu\u00e7\u00e3o Alternativa de Lit\u00edgiosque podem ser contactadas em caso de conflito, na compra de um produto ou servi\u00e7o referenciado neste website.\u00a0<\/p><p class=\"p1\">De referir, que quando necess\u00e1ria, esta solu\u00e7\u00e3o comparada com a via judicial \u00e9, normalmente, mais r\u00e1pida, menos protocolar e menos dispendiosa.\u00a0<\/p><p class=\"p1\">Desta forma, se ficou insatisfeito e pretende expor a sua situa\u00e7\u00e3o poder\u00e1 faz\u00ea-lo contactando uma Entidade de Resolu\u00e7\u00e3o Alternativa de Lit\u00edgios.<\/p>\t\t\t\t\t\t<\/div>\n\t\t\t\t<\/div>\n\t\t\t\t<div class=\"elementor-element elementor-element-55d942c elementor-widget elementor-widget-text-editor\" data-id=\"55d942c\" data-element_type=\"widget\" data-widget_type=\"text-editor.default\">\n\t\t\t\t<div class=\"elementor-widget-container\">\n\t\t\t\t\t\t\t<p><strong>CNIACC \u2013 Centro Nacional de Informa\u00e7\u00e3o e Arbitragem de Conflitos de Consumo<\/strong><\/p><p><span style=\"font-weight: 400;\">www.arbitragemdeconsumo.org<\/span><\/p><p><strong>CIMAAL \u2013 Centro de Informa\u00e7\u00e3o, Media\u00e7\u00e3o e Arbitragem de Conflitos de Consumo do Algarve<\/strong><\/p><p><span style=\"font-weight: 400;\">www.consumidoronline.pt<\/span><\/p><p><strong>CACCDC \u2013 Centro de Arbitragem de Conflitos de Consumo do Distrito de Coimbra<\/strong><\/p><p><span style=\"font-weight: 400;\">www.centrodearbitragemdecoimbra.com<\/span><\/p><p><strong>CIMPAS \u2013 Centro de Informa\u00e7\u00e3o, Media\u00e7\u00e3o e Provedoria de Seguros<\/strong><\/p><p><span style=\"font-weight: 400;\">www.cimpas.pt<\/span><\/p><p><span style=\"font-weight: 400;\">Mais informa\u00e7\u00f5es em Portal do consumidor \u2013 www.consumidor.pt<\/span><\/p><p><strong>CACCL \u2013 Centro de Arbitragem de Conflitos de Consumo de Lisboa<\/strong><\/p><p><span style=\"font-weight: 400;\">www.centroarbitragemlisboa.pt<\/span><\/p><p><strong>CICAP \u2013 Centro de Informa\u00e7\u00e3o de Consumo e Arbitragem do Porto<\/strong><\/p><p><span style=\"font-weight: 400;\">www.cicap.pt<\/span><\/p><p><strong>CIAB \u2013 Centro de Informa\u00e7\u00e3o, Media\u00e7\u00e3o e Arbitragem de Consumo (Tribunal Arbitral de Consumo)<\/strong><\/p><p><span style=\"font-weight: 400;\">www.ciab.pt<\/span><\/p><p><strong>CACCDC \u2013 Centro de Arbitragem de Conflitos de Consumo do Distrito de Coimbra<\/strong><\/p><p><span style=\"font-weight: 400;\">www.centrodearbitragemdecoimbra.com<\/span><\/p><p><strong>CACC-RAM \u2013 Centro de Arbitragem de Conflitos de Consumo da RAM<\/strong><\/p><p><span style=\"font-weight: 400;\">www.srrh.gov-madeira.pt\/In%C3%ADcio\/tabid\/292\/Default.aspx<\/span><\/p><p><strong>CASA \u2013 Centro de Arbitragem do Sector Autom\u00f3vel<\/strong><\/p><p><span style=\"font-weight: 400;\">www.arbitragemauto.pt<\/span><\/p>\t\t\t\t\t\t<\/div>\n\t\t\t\t<\/div>\n\t\t\t\t<\/div>\n\t\t\t\t<\/div>","protected":false},"excerpt":{"rendered":"<p>CONSUMER NOTICE\u00a0 In accordance with Law No. 144\/2015 of September 8, 2015, we have disclosed all Entities for Alternative Dispute Resolution that can be contacted in case of a conflict related to the purchase of a product or service referenced on this website.\u00a0 It is important to note that, when necessary, this solution, compared to [&hellip;]<\/p>","protected":false},"author":1,"featured_media":0,"parent":0,"menu_order":0,"comment_status":"closed","ping_status":"closed","template":"","meta":{"footnotes":""},"class_list":["post-16860","page","type-page","status-publish","hentry"],"yoast_head":"<!-- This site is optimized with the Yoast SEO plugin v24.2 - https:\/\/yoast.com\/wordpress\/plugins\/seo\/ -->\n<title>Alternative Dispute Resolution - FCC Arquitectura<\/title>\n<meta name=\"robots\" content=\"index, follow, max-snippet:-1, max-image-preview:large, max-video-preview:-1\" \/>\n<link rel=\"canonical\" href=\"https:\/\/fc-arquitectura.com\/pt\/alternative-dispute-resolution\/\" \/>\n<meta property=\"og:locale\" content=\"pt_PT\" \/>\n<meta property=\"og:type\" content=\"article\" \/>\n<meta property=\"og:title\" content=\"Alternative Dispute Resolution - FCC Arquitectura\" \/>\n<meta property=\"og:description\" content=\"CONSUMER NOTICE\u00a0 In accordance with Law No. 144\/2015 of September 8, 2015, we have disclosed all Entities for Alternative Dispute Resolution that can be contacted in case of a conflict related to the purchase of a product or service referenced on this website.\u00a0 It is important to note that, when necessary, this solution, compared to [&hellip;]\" \/>\n<meta property=\"og:url\" content=\"https:\/\/fc-arquitectura.com\/pt\/alternative-dispute-resolution\/\" \/>\n<meta property=\"og:site_name\" content=\"FCC Arquitectura\" \/>\n<meta property=\"article:modified_time\" content=\"2024-01-19T14:29:16+00:00\" \/>\n<meta name=\"twitter:card\" content=\"summary_large_image\" \/>\n<meta name=\"twitter:label1\" content=\"Tempo estimado de leitura\" \/>\n\t<meta name=\"twitter:data1\" content=\"1 minuto\" \/>\n<script type=\"application\/ld+json\" class=\"yoast-schema-graph\">{\"@context\":\"https:\/\/schema.org\",\"@graph\":[{\"@type\":\"WebPage\",\"@id\":\"https:\/\/fc-arquitectura.com\/alternative-dispute-resolution\/\",\"url\":\"https:\/\/fc-arquitectura.com\/alternative-dispute-resolution\/\",\"name\":\"Alternative Dispute Resolution - FCC Arquitectura\",\"isPartOf\":{\"@id\":\"https:\/\/fc-arquitectura.com\/#website\"},\"datePublished\":\"2024-01-04T12:34:56+00:00\",\"dateModified\":\"2024-01-19T14:29:16+00:00\",\"breadcrumb\":{\"@id\":\"https:\/\/fc-arquitectura.com\/alternative-dispute-resolution\/#breadcrumb\"},\"inLanguage\":\"pt-PT\",\"potentialAction\":[{\"@type\":\"ReadAction\",\"target\":[\"https:\/\/fc-arquitectura.com\/alternative-dispute-resolution\/\"]}]},{\"@type\":\"BreadcrumbList\",\"@id\":\"https:\/\/fc-arquitectura.com\/alternative-dispute-resolution\/#breadcrumb\",\"itemListElement\":[{\"@type\":\"ListItem\",\"position\":1,\"name\":\"In\u00edcio\",\"item\":\"https:\/\/fc-arquitectura.com\/\"},{\"@type\":\"ListItem\",\"position\":2,\"name\":\"Alternative Dispute Resolution\"}]},{\"@type\":\"WebSite\",\"@id\":\"https:\/\/fc-arquitectura.com\/#website\",\"url\":\"https:\/\/fc-arquitectura.com\/\",\"name\":\"FCC Arquitectura\",\"description\":\"Arquitetura\",\"publisher\":{\"@id\":\"https:\/\/fc-arquitectura.com\/#organization\"},\"alternateName\":\"FCC Arquitectura\",\"potentialAction\":[{\"@type\":\"SearchAction\",\"target\":{\"@type\":\"EntryPoint\",\"urlTemplate\":\"https:\/\/fc-arquitectura.com\/?s={search_term_string}\"},\"query-input\":{\"@type\":\"PropertyValueSpecification\",\"valueRequired\":true,\"valueName\":\"search_term_string\"}}],\"inLanguage\":\"pt-PT\"},{\"@type\":\"Organization\",\"@id\":\"https:\/\/fc-arquitectura.com\/#organization\",\"name\":\"FCC Arquitectura\",\"alternateName\":\"FCC Arquitectura\",\"url\":\"https:\/\/fc-arquitectura.com\/\",\"logo\":{\"@type\":\"ImageObject\",\"inLanguage\":\"pt-PT\",\"@id\":\"https:\/\/fc-arquitectura.com\/#\/schema\/logo\/image\/\",\"url\":\"https:\/\/fc-arquitectura.com\/wp-content\/uploads\/2023\/12\/fcc_fav.png\",\"contentUrl\":\"https:\/\/fc-arquitectura.com\/wp-content\/uploads\/2023\/12\/fcc_fav.png\",\"width\":512,\"height\":512,\"caption\":\"FCC Arquitectura\"},\"image\":{\"@id\":\"https:\/\/fc-arquitectura.com\/#\/schema\/logo\/image\/\"}}]}<\/script>\n<!-- \/ Yoast SEO plugin. -->","yoast_head_json":{"title":"Alternative Dispute Resolution - FCC Arquitectura","robots":{"index":"index","follow":"follow","max-snippet":"max-snippet:-1","max-image-preview":"max-image-preview:large","max-video-preview":"max-video-preview:-1"},"canonical":"https:\/\/fc-arquitectura.com\/pt\/alternative-dispute-resolution\/","og_locale":"pt_PT","og_type":"article","og_title":"Alternative Dispute Resolution - FCC Arquitectura","og_description":"CONSUMER NOTICE\u00a0 In accordance with Law No. 144\/2015 of September 8, 2015, we have disclosed all Entities for Alternative Dispute Resolution that can be contacted in case of a conflict related to the purchase of a product or service referenced on this website.\u00a0 It is important to note that, when necessary, this solution, compared to [&hellip;]","og_url":"https:\/\/fc-arquitectura.com\/pt\/alternative-dispute-resolution\/","og_site_name":"FCC Arquitectura","article_modified_time":"2024-01-19T14:29:16+00:00","twitter_card":"summary_large_image","twitter_misc":{"Tempo estimado de leitura":"1 minuto"},"schema":{"@context":"https:\/\/schema.org","@graph":[{"@type":"WebPage","@id":"https:\/\/fc-arquitectura.com\/alternative-dispute-resolution\/","url":"https:\/\/fc-arquitectura.com\/alternative-dispute-resolution\/","name":"Alternative Dispute Resolution - FCC Arquitectura","isPartOf":{"@id":"https:\/\/fc-arquitectura.com\/#website"},"datePublished":"2024-01-04T12:34:56+00:00","dateModified":"2024-01-19T14:29:16+00:00","breadcrumb":{"@id":"https:\/\/fc-arquitectura.com\/alternative-dispute-resolution\/#breadcrumb"},"inLanguage":"pt-PT","potentialAction":[{"@type":"ReadAction","target":["https:\/\/fc-arquitectura.com\/alternative-dispute-resolution\/"]}]},{"@type":"BreadcrumbList","@id":"https:\/\/fc-arquitectura.com\/alternative-dispute-resolution\/#breadcrumb","itemListElement":[{"@type":"ListItem","position":1,"name":"In\u00edcio","item":"https:\/\/fc-arquitectura.com\/"},{"@type":"ListItem","position":2,"name":"Alternative Dispute Resolution"}]},{"@type":"WebSite","@id":"https:\/\/fc-arquitectura.com\/#website","url":"https:\/\/fc-arquitectura.com\/","name":"FCC Arquitectura","description":"Arquitetura","publisher":{"@id":"https:\/\/fc-arquitectura.com\/#organization"},"alternateName":"FCC Arquitectura","potentialAction":[{"@type":"SearchAction","target":{"@type":"EntryPoint","urlTemplate":"https:\/\/fc-arquitectura.com\/?s={search_term_string}"},"query-input":{"@type":"PropertyValueSpecification","valueRequired":true,"valueName":"search_term_string"}}],"inLanguage":"pt-PT"},{"@type":"Organization","@id":"https:\/\/fc-arquitectura.com\/#organization","name":"FCC Arquitectura","alternateName":"FCC Arquitectura","url":"https:\/\/fc-arquitectura.com\/","logo":{"@type":"ImageObject","inLanguage":"pt-PT","@id":"https:\/\/fc-arquitectura.com\/#\/schema\/logo\/image\/","url":"https:\/\/fc-arquitectura.com\/wp-content\/uploads\/2023\/12\/fcc_fav.png","contentUrl":"https:\/\/fc-arquitectura.com\/wp-content\/uploads\/2023\/12\/fcc_fav.png","width":512,"height":512,"caption":"FCC Arquitectura"},"image":{"@id":"https:\/\/fc-arquitectura.com\/#\/schema\/logo\/image\/"}}]}},"_links":{"self":[{"href":"https:\/\/fc-arquitectura.com\/pt\/wp-json\/wp\/v2\/pages\/16860","targetHints":{"allow":["GET"]}}],"collection":[{"href":"https:\/\/fc-arquitectura.com\/pt\/wp-json\/wp\/v2\/pages"}],"about":[{"href":"https:\/\/fc-arquitectura.com\/pt\/wp-json\/wp\/v2\/types\/page"}],"author":[{"embeddable":true,"href":"https:\/\/fc-arquitectura.com\/pt\/wp-json\/wp\/v2\/users\/1"}],"replies":[{"embeddable":true,"href":"https:\/\/fc-arquitectura.com\/pt\/wp-json\/wp\/v2\/comments?post=16860"}],"version-history":[{"count":0,"href":"https:\/\/fc-arquitectura.com\/pt\/wp-json\/wp\/v2\/pages\/16860\/revisions"}],"wp:attachment":[{"href":"https:\/\/fc-arquitectura.com\/pt\/wp-json\/wp\/v2\/media?parent=16860"}],"curies":[{"name":"wp","href":"https:\/\/api.w.org\/{rel}","templated":true}]}}