{"id":13837,"date":"2023-11-14T15:14:13","date_gmt":"2023-11-14T15:14:13","guid":{"rendered":"https:\/\/dev-fcc.teoria.agency\/?page_id=13837"},"modified":"2024-01-25T12:41:15","modified_gmt":"2024-01-25T12:41:15","slug":"atelier","status":"publish","type":"page","link":"https:\/\/fc-arquitectura.com\/pt\/atelier\/","title":{"rendered":"Atelier"},"content":{"rendered":"<div data-elementor-type=\"wp-page\" data-elementor-id=\"13837\" class=\"elementor elementor-13837\" data-elementor-post-type=\"page\">\n\t\t\t\t\t\t<section class=\"elementor-section elementor-top-section elementor-element elementor-element-a826e80 elementor-section-full_width elementor-section-height-default elementor-section-height-default qodef-elementor-content-no\" data-id=\"a826e80\" data-element_type=\"section\" data-settings=\"{&quot;background_background&quot;:&quot;classic&quot;}\">\n\t\t\t\t\t\t<div class=\"elementor-container elementor-column-gap-default\">\n\t\t\t\t\t<div class=\"elementor-column elementor-col-100 elementor-top-column elementor-element elementor-element-f92e59f\" data-id=\"f92e59f\" data-element_type=\"column\">\n\t\t\t<div class=\"elementor-widget-wrap elementor-element-populated\">\n\t\t\t\t\t\t<div class=\"elementor-element elementor-element-1f51649 elementor-widget__width-initial elementor-widget elementor-widget-archicon_core_section_title\" data-id=\"1f51649\" data-element_type=\"widget\" data-widget_type=\"archicon_core_section_title.default\">\n\t\t\t\t<div class=\"elementor-widget-container\">\n\t\t\t<div class=\"qodef-shortcode qodef-m  qodef-section-title qodef-alignment--center\"  >\n\t\t\t<h1 class=\"qodef-m-title\" style=\"color: #FFFFFF;text-transform: uppercase\">\n\t<span class=\"qodef-m-title-inner\" style=\"--qodef-st-custom-fs: 90px;--qodef-st-custom-lh: 90px\">\n\t\t\tAtelier\t\t<\/span>\n\t<\/h1>\n\t\t<\/div>\n\t\t<\/div>\n\t\t\t\t<\/div>\n\t\t\t\t\t<\/div>\n\t\t<\/div>\n\t\t\t\t\t<\/div>\n\t\t<\/section>\n\t\t\t\t<section class=\"elementor-section elementor-top-section elementor-element elementor-element-e1fb671 elementor-section-full_width elementor-section-height-default elementor-section-height-default qodef-elementor-content-no\" data-id=\"e1fb671\" data-element_type=\"section\" data-settings=\"{&quot;background_background&quot;:&quot;classic&quot;}\">\n\t\t\t\t\t\t<div class=\"elementor-container elementor-column-gap-default\">\n\t\t\t\t\t<div class=\"elementor-column elementor-col-50 elementor-top-column elementor-element elementor-element-b0622d5\" data-id=\"b0622d5\" data-element_type=\"column\">\n\t\t\t<div class=\"elementor-widget-wrap elementor-element-populated\">\n\t\t\t\t\t\t<div class=\"elementor-element elementor-element-64e0601 elementor-widget elementor-widget-heading\" data-id=\"64e0601\" data-element_type=\"widget\" data-widget_type=\"heading.default\">\n\t\t\t\t<div class=\"elementor-widget-container\">\n\t\t\t<h2 class=\"elementor-heading-title elementor-size-default\">Sobre N\u00f3s<\/h2>\t\t<\/div>\n\t\t\t\t<\/div>\n\t\t\t\t\t<\/div>\n\t\t<\/div>\n\t\t\t\t<div class=\"elementor-column elementor-col-50 elementor-top-column elementor-element elementor-element-d10c4d9\" data-id=\"d10c4d9\" data-element_type=\"column\">\n\t\t\t<div class=\"elementor-widget-wrap elementor-element-populated\">\n\t\t\t\t\t\t<div class=\"elementor-element elementor-element-03712a4 elementor-widget elementor-widget-text-editor\" data-id=\"03712a4\" data-element_type=\"widget\" data-widget_type=\"text-editor.default\">\n\t\t\t\t<div class=\"elementor-widget-container\">\n\t\t\t\t\t\t\t<p>Fernando Coelho and Ana Loureiro founded the Architecture Studio in 2002, which later evolved into the current FCC Arquitectura, headquartered in Felgueiras.<\/p><p>Initially focused on developing projects for single-family homes, FCC turned its attention to religious projects for local clients. Being based in Felgueiras provided them with the opportunity to work on various projects in the industrial sector, a fundamental part of the local economy.<\/p><p>A \u00e1rea de interven\u00e7\u00e3o do gabinete tem vindo a expandir-se em termos tem\u00e1ticos, salientando-se o sector do turismo como base de diversas propostas.<\/p><p>O crescimento da equipa traduz-se igualmente em termos de expans\u00e3o geogr\u00e1fica, em obras de norte a sul de Portugal, marcando tamb\u00e9m presen\u00e7a em algumas ilhas do pa\u00eds.<\/p><p>FCC remain faithful to its initial goal: effectively responding to what the client seeks, respecting the local context, and valuing the surroundings where the work is situated, realizing projects in line with the principles of the design team.<\/p>\t\t\t\t\t\t<\/div>\n\t\t\t\t<\/div>\n\t\t\t\t\t<\/div>\n\t\t<\/div>\n\t\t\t\t\t<\/div>\n\t\t<\/section>\n\t\t<div class=\"elementor-element elementor-element-e0ef1d1 e-con-full e-flex e-con e-parent\" data-id=\"e0ef1d1\" data-element_type=\"container\">\n\t\t\t\t<div class=\"elementor-element elementor-element-49563e1 elementor-widget elementor-widget-image\" data-id=\"49563e1\" data-element_type=\"widget\" data-widget_type=\"image.default\">\n\t\t\t\t<div class=\"elementor-widget-container\">\n\t\t\t\t\t\t\t\t\t\t\t\t\t<img fetchpriority=\"high\" decoding=\"async\" width=\"2560\" height=\"1194\" src=\"https:\/\/fc-arquitectura.com\/wp-content\/uploads\/2024\/01\/equipa_fcc-scaled.jpg\" class=\"attachment-full size-full wp-image-17111\" alt=\"\" srcset=\"https:\/\/fc-arquitectura.com\/wp-content\/uploads\/2024\/01\/equipa_fcc-scaled.jpg 2560w, https:\/\/fc-arquitectura.com\/wp-content\/uploads\/2024\/01\/equipa_fcc-300x140.jpg 300w, https:\/\/fc-arquitectura.com\/wp-content\/uploads\/2024\/01\/equipa_fcc-1024x477.jpg 1024w, https:\/\/fc-arquitectura.com\/wp-content\/uploads\/2024\/01\/equipa_fcc-768x358.jpg 768w, https:\/\/fc-arquitectura.com\/wp-content\/uploads\/2024\/01\/equipa_fcc-1536x716.jpg 1536w, https:\/\/fc-arquitectura.com\/wp-content\/uploads\/2024\/01\/equipa_fcc-2048x955.jpg 2048w, https:\/\/fc-arquitectura.com\/wp-content\/uploads\/2024\/01\/equipa_fcc-18x8.jpg 18w\" sizes=\"(max-width: 2560px) 100vw, 2560px\" \/>\t\t\t\t\t\t\t\t\t\t\t\t\t<\/div>\n\t\t\t\t<\/div>\n\t\t\t\t<\/div>\n\t\t\t\t<\/div>","protected":false},"excerpt":{"rendered":"<p>Atelier About Us Fernando Coelho and Ana Loureiro founded the Architecture Studio in 2002, which later evolved into the current FCC Arquitectura, headquartered in Felgueiras. Initially focused on developing projects for single-family homes, FCC turned its attention to religious projects for local clients. Being based in Felgueiras provided them with the opportunity to work on [&hellip;]<\/p>","protected":false},"author":1,"featured_media":0,"parent":0,"menu_order":0,"comment_status":"closed","ping_status":"closed","template":"page-full-width.php","meta":{"footnotes":""},"class_list":["post-13837","page","type-page","status-publish","hentry"],"yoast_head":"<!-- This site is optimized with the Yoast SEO plugin v24.2 - https:\/\/yoast.com\/wordpress\/plugins\/seo\/ -->\n<title>Atelier | FCC Arquitectura<\/title>\n<meta name=\"description\" content=\"Initially focused on developing projects for single-family homes, FCC turned its attention to religious projects for local clients. Being based in Felgueiras provided them with the opportunity to work on various projects in the industrial sector, a fundamental part of the local economy.\" \/>\n<meta name=\"robots\" content=\"index, follow, max-snippet:-1, max-image-preview:large, max-video-preview:-1\" \/>\n<link rel=\"canonical\" href=\"https:\/\/fc-arquitectura.com\/pt\/atelier\/\" \/>\n<meta property=\"og:locale\" content=\"pt_PT\" \/>\n<meta property=\"og:type\" content=\"article\" \/>\n<meta property=\"og:title\" content=\"Atelier | FCC Arquitectura\" \/>\n<meta property=\"og:description\" content=\"Initially focused on developing projects for single-family homes, FCC turned its attention to religious projects for local clients. Being based in Felgueiras provided them with the opportunity to work on various projects in the industrial sector, a fundamental part of the local economy.\" \/>\n<meta property=\"og:url\" content=\"https:\/\/fc-arquitectura.com\/pt\/atelier\/\" \/>\n<meta property=\"og:site_name\" content=\"FCC Arquitectura\" \/>\n<meta property=\"article:modified_time\" content=\"2024-01-25T12:41:15+00:00\" \/>\n<meta property=\"og:image\" content=\"https:\/\/fc-arquitectura.com\/wp-content\/uploads\/2024\/01\/equipa_fcc-scaled.jpg\" \/>\n<meta name=\"twitter:card\" content=\"summary_large_image\" \/>\n<meta name=\"twitter:label1\" content=\"Tempo estimado de leitura\" \/>\n\t<meta name=\"twitter:data1\" content=\"2 minutos\" \/>\n<script type=\"application\/ld+json\" class=\"yoast-schema-graph\">{\"@context\":\"https:\/\/schema.org\",\"@graph\":[{\"@type\":\"WebPage\",\"@id\":\"https:\/\/fc-arquitectura.com\/atelier\/\",\"url\":\"https:\/\/fc-arquitectura.com\/atelier\/\",\"name\":\"Atelier | FCC Arquitectura\",\"isPartOf\":{\"@id\":\"https:\/\/fc-arquitectura.com\/#website\"},\"primaryImageOfPage\":{\"@id\":\"https:\/\/fc-arquitectura.com\/atelier\/#primaryimage\"},\"image\":{\"@id\":\"https:\/\/fc-arquitectura.com\/atelier\/#primaryimage\"},\"thumbnailUrl\":\"https:\/\/fc-arquitectura.com\/wp-content\/uploads\/2024\/01\/equipa_fcc-scaled.jpg\",\"datePublished\":\"2023-11-14T15:14:13+00:00\",\"dateModified\":\"2024-01-25T12:41:15+00:00\",\"description\":\"Initially focused on developing projects for single-family homes, FCC turned its attention to religious projects for local clients. Being based in Felgueiras provided them with the opportunity to work on various projects in the industrial sector, a fundamental part of the local economy.\",\"breadcrumb\":{\"@id\":\"https:\/\/fc-arquitectura.com\/atelier\/#breadcrumb\"},\"inLanguage\":\"pt-PT\",\"potentialAction\":[{\"@type\":\"ReadAction\",\"target\":[\"https:\/\/fc-arquitectura.com\/atelier\/\"]}]},{\"@type\":\"ImageObject\",\"inLanguage\":\"pt-PT\",\"@id\":\"https:\/\/fc-arquitectura.com\/atelier\/#primaryimage\",\"url\":\"https:\/\/fc-arquitectura.com\/wp-content\/uploads\/2024\/01\/equipa_fcc-scaled.jpg\",\"contentUrl\":\"https:\/\/fc-arquitectura.com\/wp-content\/uploads\/2024\/01\/equipa_fcc-scaled.jpg\"},{\"@type\":\"BreadcrumbList\",\"@id\":\"https:\/\/fc-arquitectura.com\/atelier\/#breadcrumb\",\"itemListElement\":[{\"@type\":\"ListItem\",\"position\":1,\"name\":\"In\u00edcio\",\"item\":\"https:\/\/fc-arquitectura.com\/\"},{\"@type\":\"ListItem\",\"position\":2,\"name\":\"Atelier\"}]},{\"@type\":\"WebSite\",\"@id\":\"https:\/\/fc-arquitectura.com\/#website\",\"url\":\"https:\/\/fc-arquitectura.com\/\",\"name\":\"FCC Arquitectura\",\"description\":\"Arquitetura\",\"publisher\":{\"@id\":\"https:\/\/fc-arquitectura.com\/#organization\"},\"alternateName\":\"FCC Arquitectura\",\"potentialAction\":[{\"@type\":\"SearchAction\",\"target\":{\"@type\":\"EntryPoint\",\"urlTemplate\":\"https:\/\/fc-arquitectura.com\/?s={search_term_string}\"},\"query-input\":{\"@type\":\"PropertyValueSpecification\",\"valueRequired\":true,\"valueName\":\"search_term_string\"}}],\"inLanguage\":\"pt-PT\"},{\"@type\":\"Organization\",\"@id\":\"https:\/\/fc-arquitectura.com\/#organization\",\"name\":\"FCC Arquitectura\",\"alternateName\":\"FCC Arquitectura\",\"url\":\"https:\/\/fc-arquitectura.com\/\",\"logo\":{\"@type\":\"ImageObject\",\"inLanguage\":\"pt-PT\",\"@id\":\"https:\/\/fc-arquitectura.com\/#\/schema\/logo\/image\/\",\"url\":\"https:\/\/fc-arquitectura.com\/wp-content\/uploads\/2023\/12\/fcc_fav.png\",\"contentUrl\":\"https:\/\/fc-arquitectura.com\/wp-content\/uploads\/2023\/12\/fcc_fav.png\",\"width\":512,\"height\":512,\"caption\":\"FCC Arquitectura\"},\"image\":{\"@id\":\"https:\/\/fc-arquitectura.com\/#\/schema\/logo\/image\/\"}}]}<\/script>\n<!-- \/ Yoast SEO plugin. -->","yoast_head_json":{"title":"Atelier | FCC Arquitectura","description":"Initially focused on developing projects for single-family homes, FCC turned its attention to religious projects for local clients. Being based in Felgueiras provided them with the opportunity to work on various projects in the industrial sector, a fundamental part of the local economy.","robots":{"index":"index","follow":"follow","max-snippet":"max-snippet:-1","max-image-preview":"max-image-preview:large","max-video-preview":"max-video-preview:-1"},"canonical":"https:\/\/fc-arquitectura.com\/pt\/atelier\/","og_locale":"pt_PT","og_type":"article","og_title":"Atelier | FCC Arquitectura","og_description":"Initially focused on developing projects for single-family homes, FCC turned its attention to religious projects for local clients. Being based in Felgueiras provided them with the opportunity to work on various projects in the industrial sector, a fundamental part of the local economy.","og_url":"https:\/\/fc-arquitectura.com\/pt\/atelier\/","og_site_name":"FCC Arquitectura","article_modified_time":"2024-01-25T12:41:15+00:00","og_image":[{"url":"https:\/\/fc-arquitectura.com\/wp-content\/uploads\/2024\/01\/equipa_fcc-scaled.jpg","type":"","width":"","height":""}],"twitter_card":"summary_large_image","twitter_misc":{"Tempo estimado de leitura":"2 minutos"},"schema":{"@context":"https:\/\/schema.org","@graph":[{"@type":"WebPage","@id":"https:\/\/fc-arquitectura.com\/atelier\/","url":"https:\/\/fc-arquitectura.com\/atelier\/","name":"Atelier | FCC Arquitectura","isPartOf":{"@id":"https:\/\/fc-arquitectura.com\/#website"},"primaryImageOfPage":{"@id":"https:\/\/fc-arquitectura.com\/atelier\/#primaryimage"},"image":{"@id":"https:\/\/fc-arquitectura.com\/atelier\/#primaryimage"},"thumbnailUrl":"https:\/\/fc-arquitectura.com\/wp-content\/uploads\/2024\/01\/equipa_fcc-scaled.jpg","datePublished":"2023-11-14T15:14:13+00:00","dateModified":"2024-01-25T12:41:15+00:00","description":"Initially focused on developing projects for single-family homes, FCC turned its attention to religious projects for local clients. Being based in Felgueiras provided them with the opportunity to work on various projects in the industrial sector, a fundamental part of the local economy.","breadcrumb":{"@id":"https:\/\/fc-arquitectura.com\/atelier\/#breadcrumb"},"inLanguage":"pt-PT","potentialAction":[{"@type":"ReadAction","target":["https:\/\/fc-arquitectura.com\/atelier\/"]}]},{"@type":"ImageObject","inLanguage":"pt-PT","@id":"https:\/\/fc-arquitectura.com\/atelier\/#primaryimage","url":"https:\/\/fc-arquitectura.com\/wp-content\/uploads\/2024\/01\/equipa_fcc-scaled.jpg","contentUrl":"https:\/\/fc-arquitectura.com\/wp-content\/uploads\/2024\/01\/equipa_fcc-scaled.jpg"},{"@type":"BreadcrumbList","@id":"https:\/\/fc-arquitectura.com\/atelier\/#breadcrumb","itemListElement":[{"@type":"ListItem","position":1,"name":"In\u00edcio","item":"https:\/\/fc-arquitectura.com\/"},{"@type":"ListItem","position":2,"name":"Atelier"}]},{"@type":"WebSite","@id":"https:\/\/fc-arquitectura.com\/#website","url":"https:\/\/fc-arquitectura.com\/","name":"FCC Arquitectura","description":"Arquitetura","publisher":{"@id":"https:\/\/fc-arquitectura.com\/#organization"},"alternateName":"FCC Arquitectura","potentialAction":[{"@type":"SearchAction","target":{"@type":"EntryPoint","urlTemplate":"https:\/\/fc-arquitectura.com\/?s={search_term_string}"},"query-input":{"@type":"PropertyValueSpecification","valueRequired":true,"valueName":"search_term_string"}}],"inLanguage":"pt-PT"},{"@type":"Organization","@id":"https:\/\/fc-arquitectura.com\/#organization","name":"FCC Arquitectura","alternateName":"FCC Arquitectura","url":"https:\/\/fc-arquitectura.com\/","logo":{"@type":"ImageObject","inLanguage":"pt-PT","@id":"https:\/\/fc-arquitectura.com\/#\/schema\/logo\/image\/","url":"https:\/\/fc-arquitectura.com\/wp-content\/uploads\/2023\/12\/fcc_fav.png","contentUrl":"https:\/\/fc-arquitectura.com\/wp-content\/uploads\/2023\/12\/fcc_fav.png","width":512,"height":512,"caption":"FCC Arquitectura"},"image":{"@id":"https:\/\/fc-arquitectura.com\/#\/schema\/logo\/image\/"}}]}},"_links":{"self":[{"href":"https:\/\/fc-arquitectura.com\/pt\/wp-json\/wp\/v2\/pages\/13837","targetHints":{"allow":["GET"]}}],"collection":[{"href":"https:\/\/fc-arquitectura.com\/pt\/wp-json\/wp\/v2\/pages"}],"about":[{"href":"https:\/\/fc-arquitectura.com\/pt\/wp-json\/wp\/v2\/types\/page"}],"author":[{"embeddable":true,"href":"https:\/\/fc-arquitectura.com\/pt\/wp-json\/wp\/v2\/users\/1"}],"replies":[{"embeddable":true,"href":"https:\/\/fc-arquitectura.com\/pt\/wp-json\/wp\/v2\/comments?post=13837"}],"version-history":[{"count":0,"href":"https:\/\/fc-arquitectura.com\/pt\/wp-json\/wp\/v2\/pages\/13837\/revisions"}],"wp:attachment":[{"href":"https:\/\/fc-arquitectura.com\/pt\/wp-json\/wp\/v2\/media?parent=13837"}],"curies":[{"name":"wp","href":"https:\/\/api.w.org\/{rel}","templated":true}]}}